{"id":18,"date":"2023-03-02T22:06:40","date_gmt":"2023-03-02T21:06:40","guid":{"rendered":"https:\/\/lafabrikajeux.bifrostsolutionsit.fr\/?page_id=18"},"modified":"2023-07-29T20:51:40","modified_gmt":"2023-07-29T18:51:40","slug":"jeux","status":"publish","type":"page","link":"https:\/\/lafabrikajeux.fr\/index.php\/jeux\/","title":{"rendered":"JEUX"},"content":{"rendered":"<p>[et_pb_section fb_built=\u00a0\u00bb1&Prime; _builder_version=\u00a0\u00bb4.20.2&Prime; _module_preset=\u00a0\u00bbdefault\u00a0\u00bb background_image=\u00a0\u00bbhttps:\/\/lafabrikajeux.bifrostsolutionsit.fr\/wp-content\/uploads\/2023\/03\/fond_briques.png\u00a0\u00bb background_size=\u00a0\u00bbinitial\u00a0\u00bb background_repeat=\u00a0\u00bbrepeat\u00a0\u00bb custom_margin=\u00a0\u00bb0px||||false|false\u00a0\u00bb custom_padding=\u00a0\u00bb0px||8%||false|false\u00a0\u00bb global_colors_info=\u00a0\u00bb{}\u00a0\u00bb][et_pb_row _builder_version=\u00a0\u00bb4.20.2&Prime; _module_preset=\u00a0\u00bbdefault\u00a0\u00bb background_image=\u00a0\u00bbhttps:\/\/lafabrikajeux.bifrostsolutionsit.fr\/wp-content\/uploads\/2023\/03\/roues-relief.png\u00a0\u00bb background_size=\u00a0\u00bbcontain\u00a0\u00bb background_position=\u00a0\u00bbcenter_left\u00a0\u00bb width=\u00a0\u00bb100%\u00a0\u00bb max_width=\u00a0\u00bb100%\u00a0\u00bb global_colors_info=\u00a0\u00bb{}\u00a0\u00bb][et_pb_column type=\u00a0\u00bb4_4&Prime; _builder_version=\u00a0\u00bb4.19.5&Prime; _module_preset=\u00a0\u00bbdefault\u00a0\u00bb global_colors_info=\u00a0\u00bb{}\u00a0\u00bb][et_pb_text _builder_version=\u00a0\u00bb4.20.2&Prime; _module_preset=\u00a0\u00bbdefault\u00a0\u00bb text_text_color=\u00a0\u00bb#FFFFFF\u00a0\u00bb text_line_height=\u00a0\u00bb130%\u00a0\u00bb header_font=\u00a0\u00bbBirthstone||||||||\u00a0\u00bb header_text_color=\u00a0\u00bb#FFFFFF\u00a0\u00bb header_font_size=\u00a0\u00bb65px\u00a0\u00bb header_line_height=\u00a0\u00bb2.3em\u00a0\u00bb width=\u00a0\u00bb100%\u00a0\u00bb module_alignment=\u00a0\u00bbcenter\u00a0\u00bb custom_padding=\u00a0\u00bb|20%||20%|false|false\u00a0\u00bb global_colors_info=\u00a0\u00bb{}\u00a0\u00bb]<\/p>\n<h1 style=\"text-align: center;\">Nos jeux<\/h1>\n<p class=\"has-text-align-center\" style=\"text-align: center;\">\u00c0 la Fabrik \u00e0 Jeux, d\u00e9couvrez le monde ludique et partagez de bons moment.<\/p>\n<p class=\"has-text-align-center\" style=\"text-align: center;\">Jeux coop\u00e9ratifs, comp\u00e9titifs, party game, jeux de plateaux, pour deux joueurs-ses, il y en a pour tous les go\u00fbts !<\/p>\n<p class=\"has-text-align-center\" style=\"text-align: center;\">Vous trouverez facilement votre bonheur gr\u00e2ce \u00e0 notre collection comptant plus de 600 jeux divers et vari\u00e9s, que vous pouvez retrouver sur notre page\u00a0<strong><a style=\"color: white;\" href=\"https:\/\/www.myludo.fr\/#!\/profil\/la-fabrik-a-jeux-5393\" target=\"_blank\" rel=\"noreferrer noopener\">MyLudo<\/a><\/strong>.<\/p>\n<p>[\/et_pb_text][\/et_pb_column][\/et_pb_row][et_pb_row _builder_version=\u00a0\u00bb4.19.5&Prime; _module_preset=\u00a0\u00bbdefault\u00a0\u00bb module_alignment=\u00a0\u00bbcenter\u00a0\u00bb global_colors_info=\u00a0\u00bb{}\u00a0\u00bb][et_pb_column type=\u00a0\u00bb4_4&Prime; _builder_version=\u00a0\u00bb4.19.5&Prime; _module_preset=\u00a0\u00bbdefault\u00a0\u00bb global_colors_info=\u00a0\u00bb{}\u00a0\u00bb][lwp_image_carousel gallery_ids=\u00a0\u00bb142,141,140,264,532,567,568&Prime; show_dots=\u00a0\u00bboff\u00a0\u00bb show_arrows=\u00a0\u00bboff\u00a0\u00bb autoplay_animation=\u00a0\u00bbon\u00a0\u00bb autoplay_animation_speed=\u00a0\u00bb1400ms\u00a0\u00bb slide_animation_speed=\u00a0\u00bb1600ms\u00a0\u00bb infinite_animation=\u00a0\u00bbon\u00a0\u00bb _builder_version=\u00a0\u00bb4.20.2&Prime; _module_preset=\u00a0\u00bbdefault\u00a0\u00bb min_height=\u00a0\u00bb1000px\u00a0\u00bb custom_margin=\u00a0\u00bb||-735px|||\u00a0\u00bb custom_padding=\u00a0\u00bb0px|||0px|false|false\u00a0\u00bb global_colors_info=\u00a0\u00bb{}\u00a0\u00bb][\/lwp_image_carousel][\/et_pb_column][\/et_pb_row][\/et_pb_section]<\/p>\n","protected":false},"excerpt":{"rendered":"<p>Nos jeux \u00c0 la Fabrik \u00e0 Jeux, d\u00e9couvrez le monde ludique et partagez de bons moment. Jeux coop\u00e9ratifs, comp\u00e9titifs, party game, jeux de plateaux, pour deux joueurs-ses, il y en a pour tous les go\u00fbts ! Vous trouverez facilement votre bonheur gr\u00e2ce \u00e0 notre collection comptant plus de 600 jeux divers et vari\u00e9s, que vous [&hellip;]<\/p>\n","protected":false},"author":1,"featured_media":0,"parent":0,"menu_order":3,"comment_status":"closed","ping_status":"closed","template":"","meta":{"_et_pb_use_builder":"on","_et_pb_old_content":"<!-- wp:divi\/placeholder \/-->","_et_gb_content_width":"","footnotes":""},"class_list":["post-18","page","type-page","status-publish","hentry"],"_links":{"self":[{"href":"https:\/\/lafabrikajeux.fr\/index.php\/wp-json\/wp\/v2\/pages\/18","targetHints":{"allow":["GET"]}}],"collection":[{"href":"https:\/\/lafabrikajeux.fr\/index.php\/wp-json\/wp\/v2\/pages"}],"about":[{"href":"https:\/\/lafabrikajeux.fr\/index.php\/wp-json\/wp\/v2\/types\/page"}],"author":[{"embeddable":true,"href":"https:\/\/lafabrikajeux.fr\/index.php\/wp-json\/wp\/v2\/users\/1"}],"replies":[{"embeddable":true,"href":"https:\/\/lafabrikajeux.fr\/index.php\/wp-json\/wp\/v2\/comments?post=18"}],"version-history":[{"count":29,"href":"https:\/\/lafabrikajeux.fr\/index.php\/wp-json\/wp\/v2\/pages\/18\/revisions"}],"predecessor-version":[{"id":653,"href":"https:\/\/lafabrikajeux.fr\/index.php\/wp-json\/wp\/v2\/pages\/18\/revisions\/653"}],"wp:attachment":[{"href":"https:\/\/lafabrikajeux.fr\/index.php\/wp-json\/wp\/v2\/media?parent=18"}],"curies":[{"name":"wp","href":"https:\/\/api.w.org\/{rel}","templated":true}]}}